{"id":183,"date":"2023-09-19T20:32:34","date_gmt":"2023-09-19T20:32:34","guid":{"rendered":"https:\/\/herois.broth3rs.com.br\/?page_id=183"},"modified":"2023-09-19T20:40:05","modified_gmt":"2023-09-19T20:40:05","slug":"making-of","status":"publish","type":"page","link":"https:\/\/heroisurbanos.com.br\/index.php\/making-of\/","title":{"rendered":"Making Of"},"content":{"rendered":"\t\t<div data-elementor-type=\"wp-page\" data-elementor-id=\"183\" class=\"elementor elementor-183\" data-elementor-post-type=\"page\">\n\t\t\t\t<div class=\"elementor-element elementor-element-dfdd6ec e-flex e-con-boxed e-con e-parent\" data-id=\"dfdd6ec\" data-element_type=\"container\">\n\t\t\t\t\t<div class=\"e-con-inner\">\n\t\t<div class=\"elementor-element elementor-element-6787e651 e-flex e-con-boxed e-con e-child\" data-id=\"6787e651\" data-element_type=\"container\">\n\t\t\t\t\t<div class=\"e-con-inner\">\n\t\t\t\t<div class=\"elementor-element elementor-element-247e5314 elementor-widget elementor-widget-text-editor\" data-id=\"247e5314\" data-element_type=\"widget\" data-widget_type=\"text-editor.default\">\n\t\t\t\t<div class=\"elementor-widget-container\">\n\t\t\t\t\t\t\t\t\tA PROPOSTA DESTE TRABALHO FOTOGR\u00c1FICO \u00c9 O USO CRIATIVO  DA PERSPECTIVA. ATRAV\u00c9S DE UMA LENTE GRANDE ANGULAR A PERSPECTIVA \u00c9 TRABALHADA PARA CONTROLAR NOSSA FORMA DE PERCEBER AS DIMENS\u00d5ES, O ESPA\u00c7O, A DIST\u00c2NCIA E A PROFUNDIDADE. OS BONECOS FORAM REALMENTE COLOCADOS EM DIVERSOS PONTOS DA CIDADE DE S\u00c3O PAULO. N\u00c3O EXISTE FUS\u00c3O DE IMAGENS.\n\t\t\t\t\t\t\t\t<\/div>\n\t\t\t\t<\/div>\n\t\t\t\t\t<\/div>\n\t\t\t\t<\/div>\n\t\t\t\t<div class=\"elementor-element elementor-element-2e7bc3c3 elementor-widget elementor-widget-image\" data-id=\"2e7bc3c3\" data-element_type=\"widget\" data-widget_type=\"image.default\">\n\t\t\t\t<div class=\"elementor-widget-container\">\n\t\t\t\t\t\t\t\t\t\t\t\t\t\t\t<img fetchpriority=\"high\" decoding=\"async\" width=\"800\" height=\"538\" src=\"https:\/\/heroisurbanos.com.br\/wp-content\/uploads\/2023\/09\/2013754_orig-1024x689.jpg\" class=\"attachment-large size-large wp-image-186\" alt=\"\" srcset=\"https:\/\/heroisurbanos.com.br\/wp-content\/uploads\/2023\/09\/2013754_orig-1024x689.jpg 1024w, https:\/\/heroisurbanos.com.br\/wp-content\/uploads\/2023\/09\/2013754_orig-300x202.jpg 300w, https:\/\/heroisurbanos.com.br\/wp-content\/uploads\/2023\/09\/2013754_orig-768x516.jpg 768w, https:\/\/heroisurbanos.com.br\/wp-content\/uploads\/2023\/09\/2013754_orig.jpg 1200w\" sizes=\"(max-width: 800px) 100vw, 800px\" \/>\t\t\t\t\t\t\t\t\t\t\t\t\t\t\t<\/div>\n\t\t\t\t<\/div>\n\t\t<div class=\"elementor-element elementor-element-c1a93fd e-flex e-con-boxed e-con e-child\" data-id=\"c1a93fd\" data-element_type=\"container\">\n\t\t\t\t\t<div class=\"e-con-inner\">\n\t\t\t\t<div class=\"elementor-element elementor-element-6f67c8fb elementor-widget-divider--view-line elementor-widget elementor-widget-divider\" data-id=\"6f67c8fb\" data-element_type=\"widget\" data-widget_type=\"divider.default\">\n\t\t\t\t<div class=\"elementor-widget-container\">\n\t\t\t\t\t\t\t<div class=\"elementor-divider\">\n\t\t\t<span class=\"elementor-divider-separator\">\n\t\t\t\t\t\t<\/span>\n\t\t<\/div>\n\t\t\t\t\t\t<\/div>\n\t\t\t\t<\/div>\n\t\t\t\t\t<\/div>\n\t\t\t\t<\/div>\n\t\t\t\t<div class=\"elementor-element elementor-element-94b1e25 elementor-widget elementor-widget-image\" data-id=\"94b1e25\" data-element_type=\"widget\" data-widget_type=\"image.default\">\n\t\t\t\t<div class=\"elementor-widget-container\">\n\t\t\t\t\t\t\t\t\t\t\t\t\t\t\t<img decoding=\"async\" width=\"800\" height=\"536\" src=\"https:\/\/heroisurbanos.com.br\/wp-content\/uploads\/2023\/09\/9138999_orig-1024x686.jpg\" class=\"attachment-large size-large wp-image-187\" alt=\"\" srcset=\"https:\/\/heroisurbanos.com.br\/wp-content\/uploads\/2023\/09\/9138999_orig-1024x686.jpg 1024w, https:\/\/heroisurbanos.com.br\/wp-content\/uploads\/2023\/09\/9138999_orig-300x201.jpg 300w, https:\/\/heroisurbanos.com.br\/wp-content\/uploads\/2023\/09\/9138999_orig-768x515.jpg 768w, https:\/\/heroisurbanos.com.br\/wp-content\/uploads\/2023\/09\/9138999_orig.jpg 1200w\" sizes=\"(max-width: 800px) 100vw, 800px\" \/>\t\t\t\t\t\t\t\t\t\t\t\t\t\t\t<\/div>\n\t\t\t\t<\/div>\n\t\t\t\t\t<\/div>\n\t\t\t\t<\/div>\n\t\t\t\t<\/div>\n\t\t","protected":false},"excerpt":{"rendered":"<p>A PROPOSTA DESTE TRABALHO FOTOGR\u00c1FICO \u00c9 O USO CRIATIVO DA PERSPECTIVA. ATRAV\u00c9S DE UMA LENTE GRANDE ANGULAR A PERSPECTIVA \u00c9 TRABALHADA PARA CONTROLAR NOSSA FORMA DE PERCEBER AS DIMENS\u00d5ES, O ESPA\u00c7O, A DIST\u00c2NCIA E A PROFUNDIDADE. OS BONECOS FORAM REALMENTE COLOCADOS EM DIVERSOS PONTOS DA CIDADE DE S\u00c3O PAULO. N\u00c3O EXISTE FUS\u00c3O DE IMAGENS.<\/p>\n","protected":false},"author":1,"featured_media":0,"parent":0,"menu_order":0,"comment_status":"closed","ping_status":"closed","template":"elementor_header_footer","meta":{"footnotes":""},"class_list":["post-183","page","type-page","status-publish","hentry"],"_links":{"self":[{"href":"https:\/\/heroisurbanos.com.br\/index.php\/wp-json\/wp\/v2\/pages\/183","targetHints":{"allow":["GET"]}}],"collection":[{"href":"https:\/\/heroisurbanos.com.br\/index.php\/wp-json\/wp\/v2\/pages"}],"about":[{"href":"https:\/\/heroisurbanos.com.br\/index.php\/wp-json\/wp\/v2\/types\/page"}],"author":[{"embeddable":true,"href":"https:\/\/heroisurbanos.com.br\/index.php\/wp-json\/wp\/v2\/users\/1"}],"replies":[{"embeddable":true,"href":"https:\/\/heroisurbanos.com.br\/index.php\/wp-json\/wp\/v2\/comments?post=183"}],"version-history":[{"count":7,"href":"https:\/\/heroisurbanos.com.br\/index.php\/wp-json\/wp\/v2\/pages\/183\/revisions"}],"predecessor-version":[{"id":193,"href":"https:\/\/heroisurbanos.com.br\/index.php\/wp-json\/wp\/v2\/pages\/183\/revisions\/193"}],"wp:attachment":[{"href":"https:\/\/heroisurbanos.com.br\/index.php\/wp-json\/wp\/v2\/media?parent=183"}],"curies":[{"name":"wp","href":"https:\/\/api.w.org\/{rel}","templated":true}]}}